{"id":6,"date":"2018-08-15T18:35:25","date_gmt":"2018-08-15T18:35:25","guid":{"rendered":"http:\/\/test.zurdodgs.com\/es\/?page_id=6"},"modified":"2018-08-24T18:47:19","modified_gmt":"2018-08-24T18:47:19","slug":"acerca-de","status":"publish","type":"page","link":"http:\/\/zurdodgs.com\/es\/acerca-de\/","title":{"rendered":"Acerca De"},"content":{"rendered":"<div class=\"wpb-content-wrapper\"><p>[vc_row full_width=\u00bbstretch_row_content_no_spaces\u00bb][vc_column][vc_banner_title title=\u00bbACERCA DE\u00bb img=\u00bb87&#8243; enable_overlay=\u00bbtrue\u00bb columns=\u00bb%5B%7B%22text_type%22%3A%22text%22%7D%5D\u00bb][\/vc_column][\/vc_row][vc_row desctop_pt=\u00bbpadding-lg-105t\u00bb desctop_pb=\u00bbpadding-lg-105b\u00bb tablets_pt=\u00bbpadding-sm-70t\u00bb tablets_pb=\u00bbpadding-sm-70b\u00bb][vc_column css_animation=\u00bbnone\u00bb width=\u00bb1\/2&#8243; offset=\u00bbvc_col-md-6&#8243;][vc_headings subtitle=\u00bbNUESTRO CONCEPTO\u00bb heading_style=\u00bbcs-heading&#8211;modern\u00bb heading_size=\u00bbh3&#8243; title=\u00bbEl nombre ZURDO<br \/>\nse asign\u00f3 por el perfil general<br \/>\ndel arquiteco fundador\u00bb button=\u00bb|||\u00bb css=\u00bb.vc_custom_1534428147497{padding-right: 20px !important;}\u00bb]\u00bbCuando era peque\u00f1o, me daba cuenta que batallaba para abrir las puertas, pero no ten\u00edan ning\u00fan problema en su dise\u00f1o. Cuando usaba las tijeras, las sent\u00eda inc\u00f3modas, pero no eran problema de ergonom\u00eda&#8230; fui creciendo y cada vez comprend\u00eda lo que era ser zurdo. A veces las cosas mas sencillas de usar ten\u00edan un grado de dificultad para m\u00ed. As\u00ed me di cuenta que el mundo constru\u00eddo a mi alrededor era diestro. \u00bfDonde estaba el otro lado? Por lo tanto me di cuenta que todas las cosas tienen una soluci\u00f3n, solamente depende de que lado se observe. De esta manera puedo aplicar mi filosof\u00eda a la arquitectura, y puedo darme cuenta que muchos problemas no son realmente problemas, sino depende del punto de vista que los veas. Y una vez identificados y analizados, todo tiene soluci\u00f3n.\u00bb<\/p>\n<p>Somos un estudio de Arquitectura que se enfoca a dise\u00f1ar, planear, administrar, ejecutar y edificar una obra.<\/p>\n<p>Ayudamos a solucionar estilos de vida al aplicar la Arquitectura en cada necesidad. Nos apoyamos en herramientas de vanguardia para representar ideas concebidas en la imaginaci\u00f3n y hacerlas realidad. A trav\u00e9s de una correcta planeaci\u00f3n, cualquier obra puede ser llevada a la realidad.<\/p>\n<p>Arq. David de la Garza Santos<br \/>\nDirector<br \/>\nZurdo | DGS[\/vc_headings][\/vc_column][vc_column parallax=\u00bbcontent-moving\u00bb width=\u00bb1\/2&#8243;][vc_single_image image=\u00bb449&#8243; img_size=\u00bbmedium\u00bb css_animation=\u00bbnone\u00bb css=\u00bb.vc_custom_1535136304232{margin-top: 30px !important;margin-left: -5px !important;}\u00bb][vc_wrapper image=\u00bb252&#8243; css=\u00bb.vc_custom_1535136235862{margin-top: -120px !important;margin-left: 60px !important;}\u00bb][\/vc_wrapper][\/vc_column][\/vc_row][vc_row full_width=\u00bbstretch_row_content_no_spaces\u00bb css_animation=\u00bbnone\u00bb desctop_pb=\u00bbpadding-lg-80b\u00bb tablets_pb=\u00bbpadding-sm-40b\u00bb css=\u00bb.vc_custom_1522260671940{padding-top: 0px !important;background-color: #eef1f2 !important;}\u00bb][vc_column css=\u00bb.vc_custom_1522260677823{padding-top: 0px !important;}\u00bb][vc_wrapper subtitle=\u00bbDESARROLLANDO PROYECTOS POR\u00bb heading_size=\u00bbh2&#8243; title=\u00bbEXPERTOS EN LA MATERIA\u00bb title_style=\u00bbcs-heading&#8211;c-custom\u00bb image=\u00bb230&#8243; enable_overlay=\u00bbtrue\u00bb][vc_projects_posts templates=\u00bbservices\u00bb post_type=\u00bbservices\u00bb total_columns=\u00bbcs-block&#8211;col2&#8243; gap_columns=\u00bbcs-block&#8211;gap15&#8243; posts_per_page=\u00bb4&#8243;][\/vc_wrapper][\/vc_column][\/vc_row]<\/p>\n<\/div>","protected":false},"excerpt":{"rendered":"<p>[vc_row full_width=\u00bbstretch_row_content_no_spaces\u00bb][vc_column][vc_banner_title title=\u00bbACERCA DE\u00bb img=\u00bb87&#8243; enable_overlay=\u00bbtrue\u00bb columns=\u00bb%5B%7B%22text_type%22%3A%22text%22%7D%5D\u00bb][\/vc_column][\/vc_row][vc_row desctop_pt=\u00bbpadding-lg-105t\u00bb desctop_pb=\u00bbpadding-lg-105b\u00bb tablets_pt=\u00bbpadding-sm-70t\u00bb tablets_pb=\u00bbpadding-sm-70b\u00bb][vc_column css_animation=\u00bbnone\u00bb width=\u00bb1\/2&#8243; offset=\u00bbvc_col-md-6&#8243;][vc_headings subtitle=\u00bbNUESTRO CONCEPTO\u00bb heading_style=\u00bbcs-heading&#8211;modern\u00bb heading_size=\u00bbh3&#8243; title=\u00bbEl nombre&#8230;<\/p>\n","protected":false},"author":1,"featured_media":0,"parent":0,"menu_order":0,"comment_status":"closed","ping_status":"closed","template":"","meta":{"footnotes":""},"class_list":["post-6","page","type-page","status-publish","hentry"],"_links":{"self":[{"href":"http:\/\/zurdodgs.com\/es\/wp-json\/wp\/v2\/pages\/6","targetHints":{"allow":["GET"]}}],"collection":[{"href":"http:\/\/zurdodgs.com\/es\/wp-json\/wp\/v2\/pages"}],"about":[{"href":"http:\/\/zurdodgs.com\/es\/wp-json\/wp\/v2\/types\/page"}],"author":[{"embeddable":true,"href":"http:\/\/zurdodgs.com\/es\/wp-json\/wp\/v2\/users\/1"}],"replies":[{"embeddable":true,"href":"http:\/\/zurdodgs.com\/es\/wp-json\/wp\/v2\/comments?post=6"}],"version-history":[{"count":10,"href":"http:\/\/zurdodgs.com\/es\/wp-json\/wp\/v2\/pages\/6\/revisions"}],"predecessor-version":[{"id":450,"href":"http:\/\/zurdodgs.com\/es\/wp-json\/wp\/v2\/pages\/6\/revisions\/450"}],"wp:attachment":[{"href":"http:\/\/zurdodgs.com\/es\/wp-json\/wp\/v2\/media?parent=6"}],"curies":[{"name":"wp","href":"https:\/\/api.w.org\/{rel}","templated":true}]}}